{"id":58,"date":"2023-03-10T10:15:16","date_gmt":"2023-03-10T09:15:16","guid":{"rendered":"https:\/\/klub.przyczolek.waw.pl\/?page_id=58"},"modified":"2026-03-28T12:05:51","modified_gmt":"2026-03-28T11:05:51","slug":"o-nas","status":"publish","type":"page","link":"https:\/\/klub.przyczolek.waw.pl\/","title":{"rendered":"O NAS"},"content":{"rendered":"\n<p class=\"has-black-color has-light-green-cyan-to-vivid-green-cyan-gradient-background has-text-color has-background has-medium-font-size\"><strong>Klub Osiedlowy &#8222;Groszek&#8221; dzia\u0142a przy Sp\u00f3\u0142dzielni Mieszkaniowej \u201ePrzycz\u00f3\u0142ek Grochowski\u201d<\/strong>. Tu spotykaj\u0105 si\u0119 ludzie, do\u015bwiadczenia, historie, a r\u00f3\u017cne pokolenia odnajduj\u0105 ni\u0107 porozumienia. W \u201eGroszku\u201d wierzymy, \u017ce dobrostan cz\u0142owieka rodzi si\u0119 tam, gdzie jest przestrze\u0144 na blisko\u015b\u0107, rozw\u00f3j i rado\u015b\u0107 z bycia cz\u0119\u015bci\u0105 wsp\u00f3lnoty. Solidarnie tworzymy stref\u0119 pe\u0142n\u0105 ciep\u0142a, w kt\u00f3rej , kultura, tradycja i zabawa splataj\u0105 si\u0119 w naturalny spos\u00f3b, buduj\u0105c atmosfer\u0119 otwarto\u015bci, szacunku i wzajemnej inspiracji. Zapraszamy do Klubu, w kt\u00f3rym serce s\u0105siaduje z u\u015bmiechem, a codzienno\u015b\u0107 staje si\u0119 pi\u0119kniejsza, bo prze\u017cywana jest razem.<\/p>\n\n\n\n<h2 class=\"wp-block-heading\"> HARMONOGRAM KLUBU &#8222;GROSZEK&#8221;<\/h2>\n\n\n\n<figure class=\"wp-block-image size-large\"><img loading=\"lazy\" decoding=\"async\" width=\"724\" height=\"1024\" src=\"https:\/\/klub.przyczolek.waw.pl\/wp-content\/uploads\/2026\/03\/PLAKAT-GROSZKA-W-JPG-2-724x1024.jpg\" alt=\"\" class=\"wp-image-2246\" srcset=\"https:\/\/klub.przyczolek.waw.pl\/wp-content\/uploads\/2026\/03\/PLAKAT-GROSZKA-W-JPG-2-724x1024.jpg 724w, https:\/\/klub.przyczolek.waw.pl\/wp-content\/uploads\/2026\/03\/PLAKAT-GROSZKA-W-JPG-2-212x300.jpg 212w, https:\/\/klub.przyczolek.waw.pl\/wp-content\/uploads\/2026\/03\/PLAKAT-GROSZKA-W-JPG-2-768x1086.jpg 768w, https:\/\/klub.przyczolek.waw.pl\/wp-content\/uploads\/2026\/03\/PLAKAT-GROSZKA-W-JPG-2-1086x1536.jpg 1086w, https:\/\/klub.przyczolek.waw.pl\/wp-content\/uploads\/2026\/03\/PLAKAT-GROSZKA-W-JPG-2.jpg 1414w\" sizes=\"auto, (max-width: 724px) 100vw, 724px\" \/><\/figure>\n","protected":false},"excerpt":{"rendered":"<p>Klub Osiedlowy &#8222;Groszek&#8221; dzia\u0142a przy Sp\u00f3\u0142dzielni Mieszkaniowej \u201ePrzycz\u00f3\u0142ek Grochowski\u201d. Tu spotykaj\u0105 si\u0119 ludzie, do\u015bwiadczenia, historie, a r\u00f3\u017cne pokolenia odnajduj\u0105 ni\u0107 porozumienia. W \u201eGroszku\u201d wierzymy, \u017ce dobrostan cz\u0142owieka rodzi si\u0119 tam, gdzie jest przestrze\u0144 na blisko\u015b\u0107, rozw\u00f3j i rado\u015b\u0107 z bycia cz\u0119\u015bci\u0105 wsp\u00f3lnoty. Solidarnie tworzymy stref\u0119 pe\u0142n\u0105 ciep\u0142a, w kt\u00f3rej , kultura, tradycja i zabawa splataj\u0105 [&hellip;]<\/p>\n","protected":false},"author":3,"featured_media":0,"parent":0,"menu_order":0,"comment_status":"closed","ping_status":"closed","template":"","meta":{"footnotes":""},"class_list":["post-58","page","type-page","status-publish","hentry"],"_links":{"self":[{"href":"https:\/\/klub.przyczolek.waw.pl\/index.php?rest_route=\/wp\/v2\/pages\/58","targetHints":{"allow":["GET"]}}],"collection":[{"href":"https:\/\/klub.przyczolek.waw.pl\/index.php?rest_route=\/wp\/v2\/pages"}],"about":[{"href":"https:\/\/klub.przyczolek.waw.pl\/index.php?rest_route=\/wp\/v2\/types\/page"}],"author":[{"embeddable":true,"href":"https:\/\/klub.przyczolek.waw.pl\/index.php?rest_route=\/wp\/v2\/users\/3"}],"replies":[{"embeddable":true,"href":"https:\/\/klub.przyczolek.waw.pl\/index.php?rest_route=%2Fwp%2Fv2%2Fcomments&post=58"}],"version-history":[{"count":154,"href":"https:\/\/klub.przyczolek.waw.pl\/index.php?rest_route=\/wp\/v2\/pages\/58\/revisions"}],"predecessor-version":[{"id":2270,"href":"https:\/\/klub.przyczolek.waw.pl\/index.php?rest_route=\/wp\/v2\/pages\/58\/revisions\/2270"}],"wp:attachment":[{"href":"https:\/\/klub.przyczolek.waw.pl\/index.php?rest_route=%2Fwp%2Fv2%2Fmedia&parent=58"}],"curies":[{"name":"wp","href":"https:\/\/api.w.org\/{rel}","templated":true}]}}